{"id":13110,"date":"2025-01-10T10:24:25","date_gmt":"2025-01-10T10:24:25","guid":{"rendered":"https:\/\/ostara.rs\/?page_id=13110"},"modified":"2025-01-14T08:37:52","modified_gmt":"2025-01-14T08:37:52","slug":"projects3","status":"publish","type":"page","link":"https:\/\/ostara.rs\/rs\/projects3\/","title":{"rendered":"Projects3"},"content":{"rendered":"<div data-elementor-type=\"wp-page\" data-elementor-id=\"13110\" class=\"elementor elementor-13110\">\n\t\t\t\t<div class=\"elementor-element elementor-element-0f89b6b e-con-full e-flex e-con e-parent\" data-id=\"0f89b6b\" data-element_type=\"container\" data-e-type=\"container\">\n\t\t\t\t<div class=\"elementor-element elementor-element-96e33b8 elementor-widget-mobile__width-inherit elementor-widget elementor-widget-shortcode\" data-id=\"96e33b8\" data-element_type=\"widget\" data-e-type=\"widget\" data-widget_type=\"shortcode.default\">\n\t\t\t\t<div class=\"elementor-widget-container\">\n\t\t\t\t\t\t\t<div class=\"elementor-shortcode\">\n<table id=\"tablepress-7\" class=\"tablepress tablepress-id-7\">\n<thead>\n<tr class=\"row-1\">\n\t<th class=\"column-1\">HEADING<\/th>\n<\/tr>\n<\/thead>\n<tbody class=\"row-striping row-hover\">\n<tr class=\"row-2\">\n\t<td class=\"column-1\"><strong>MONOGRAFIJE, MONOGRAFSKA STUDIJA, TEMATSKE KNJIGE, LEKSIKOGRAFSKA I KARTOGRAFSKA PUBLIKACIJE OD ME\u0110UNARODNOG ZNA\u010cAJA (M10)<\/strong><\/td>\n<\/tr>\n<tr class=\"row-3\">\n\t<td class=\"column-1\"><strong>MONOGRAFSKA STUDIJA\/GLAVA U KNJIZI M11 ILI RAD U TEMATSKOJ POSTUPCI OD VODEC\u0301EG ME\u0110UNARODNOG ZNA\u010cAJA (M13) =7,0<\/strong><\/td>\n<\/tr>\n<tr class=\"row-4\">\n\t<td class=\"column-1\">1. | M13<\/td>\n<\/tr>\n<tr class=\"row-5\">\n\t<td class=\"column-1\">\"Rajkovi\u0107 R.,Zrni\u0107 N., Boji\u0107 S., Staki\u0107 \u0110.(2016):<br \/>\r\nRole of Cargo Weight and Volume: Minimizing Costs and CO2 Emissionsin ContainerTransport, in Commercial Transport, Proceedings of the 2nd Interdisciplinary Conference on Production Logistics and Traffic 2015, Lecture Notes in Logistics, Chapter 10, pp. 159-173, DOI 10.1007\/978-3-319-21266-1_10, print ISBN 978-3-319-21265-4,online ISBN 978-3-319-21266-1, series ISSN 2194-8917 (M13, indexed u WOS -Web of Science)\"<\/td>\n<\/tr>\n<tr class=\"row-6\">\n\t<td class=\"column-1\"><strong>RADOVI OBJAVLJENI U NAU\u010cNIM \u010cASOPISIMA ME\u0110UNARODNOG ZNA\u010cAJA (M20)<\/strong><\/td>\n<\/tr>\n<tr class=\"row-7\">\n\t<td class=\"column-1\"><strong>RADOVI U ME\u0110UNARODNIM \u010cASOPISIMA (M23) =3,0<\/strong><\/td>\n<\/tr>\n<tr class=\"row-8\">\n\t<td class=\"column-1\">2. | M23<\/td>\n<\/tr>\n<tr class=\"row-9\">\n\t<td class=\"column-1\">Markovi\u0107 Miroslava, Miti\u0107 Dragan, Rajkovi\u0107 Sne\u017eana, Rakonjac Ljubinko, Lu\u010di\u0107 Aleksandar, Markovi\u0107 Miroslav, Rajkovi\u0107 Radoslav (2013):<br \/>\n \u201eAnalysis of the link between injuries on forest trees and presence of harmful fungal organisms\u201c, Scientific Research and Essays Vol. 8(35),    18 September, pp 1688-1700. <br \/>\nDOI 10.5897\/SRE12.42<br \/>\nISSN 1992-2248 @2013 Academic Journals<br \/>\nPublished  by:<br \/>\nAcademic Journals.<br \/>\n<a href=\"http:\/\/www.academicjournals.org\/sre\/contents\/2013Cont\/18Sep.htm\" rel=\"noopener\" target=\"_blank\">http:\/\/www.academicjournals.org\/sre\/contents\/2013Cont\/18Sep.htm<\/a><\/td>\n<\/tr>\n<tr class=\"row-10\">\n\t<td class=\"column-1\">3. | M23<\/td>\n<\/tr>\n<tr class=\"row-11\">\n\t<td class=\"column-1\">Radoslav Rajkovi\u0107, Nenad Zrni\u0107, \u0110or\u0111e Staki\u0107: \u201eApplication of a Mathematical Model for Container Transport Flow of Goods: from the Far East to Serbia\u201c, Tehni\u010dki vjesnik\/Technical Gazette, print ISSN 1330-3651, online ISSN 1848-6339, Vol. 23, No. 6, 2016, pp. 1739-1746, DOI 10.17559\/TV-20140629203730(M23, IF 2016 0.723)<\/td>\n<\/tr>\n<tr class=\"row-12\">\n\t<td class=\"column-1\">4. | M23<\/td>\n<\/tr>\n<tr class=\"row-13\">\n\t<td class=\"column-1\">Rajkovi\u0107 Sne\u017eana, Markovi\u0107 Miroslava, Rajkovi\u0107 Radoslav, Rakonjac Ljubinko(2013):<br \/>\n\u201eBiofungicide Trichodex WP\u201c, International Journal of Agricultural and Biosystems Engineering Vol:7, No:6, pp. 449-453, 2013, waset.org\/Publication\/8370, <br \/>\ndoi.org\/10.5281\/zenodo.1070765, ISNI:0000000091950263<br \/>\n info@waset.org , <a href=\"http:\/\/www.waset.org\" rel=\"noopener\" target=\"_blank\">www.waset.org<\/a><br \/>\nPublished by: World Academy of Science, Engineering and Technology<\/td>\n<\/tr>\n<tr class=\"row-14\">\n\t<td class=\"column-1\">5. | M23<\/td>\n<\/tr>\n<tr class=\"row-15\">\n\t<td class=\"column-1\">Nata\u0161a Tomi\u0107-Petrovi\u0107, Zoran Radmilovi\u0107, Radoslav Rajkovi\u0107 (2019):<br \/>\n\u201eEnvironmental status of the Danube commercial navigation: Serbia and the Danube border countries\u201c. Journal of Marine Engineering &amp; Technology. \"Journal of Marine Engineering &amp; Technology\"<br \/>\n<tmar-peerreview@journals.tandf.co.uk> <\/td>\n<\/tr>\n<tr class=\"row-16\">\n\t<td class=\"column-1\">6. | M23<\/td>\n<\/tr>\n<tr class=\"row-17\">\n\t<td class=\"column-1\">Rajkovi\u0107 Radoslav, Rajkovi\u0107 Sne\u017eana, Miti\u0107 Dragan (2019):<br \/>\nENVIRONMENTAL PROTECTION: REDUCING THE CO2 EMISSIONS IN intermodal TRANSPORT PLANNING. Fresenius Environmental Bulletin, Parlar Scientific Publications. Volume 29. No 01\/2020. Pp. 26-36. ISSN1018-4619 <a href=\"http:\/\/www.psp-parlar.de\" rel=\"noopener\" target=\"_blank\">www.psp-parlar.de<\/a><\/td>\n<\/tr>\n<tr class=\"row-18\">\n\t<td class=\"column-1\"><strong>RADOVI U \u010cASOPISIMA OD ME\u0110UNARODNOG ZNA\u010cAJA VEROVANI POSEBNOM ODLUKOM (M24) =2,0<\/strong><\/td>\n<\/tr>\n<tr class=\"row-19\">\n\t<td class=\"column-1\">7. | M24<\/td>\n<\/tr>\n<tr class=\"row-20\">\n\t<td class=\"column-1\">Jovanovi\u0107 Predrag, Miti\u0107 Dragan, Lebel Aleksandar, Rajkovi\u0107 Radoslav (2013):<br \/>\n\u201eDISPLAY PROBABILITY OF  SYMBOL ERRORS FOR MQAM ON RICIAN FADING CHANNEL BASED ON MGF METHOD\u201c, YUJOR - Yugoslav Journal of Operations Research, Vol. 23,  pp 96- 102.<br \/>\nDOI: 10.2298\/YJOR130128036JAccepted: November 2013,<br \/>\nISSN: 0354-0243, EISSN:2334-6043<br \/>\nPublished by:<br \/>\nThis journal uses Open Journal Systems 2.3.4.0, which is open source journal management and publishing software developed, supported, and freely distributed by the\u00a0Public Knowledge Project\u00a0under the GNU General Public License.<br \/>\n<a href=\"https:\/\/ostara.rs\/wp-content\/uploads\/2024\/12\/07.pdf\">PDF<\/a><br \/>\n<\/td>\n<\/tr>\n<tr class=\"row-21\">\n\t<td class=\"column-1\">8. | M24<\/td>\n<\/tr>\n<tr class=\"row-22\">\n\t<td class=\"column-1\">Rajkovi\u0107 Radoslav, Miti\u0107 Dragan, Lebl Aleksandar, Rajkovi\u0107 Sne\u017eana (2019):<br \/>\n A Proposed Method for Determining Propulsion Coefficient Based on Testing Motor Freighters on Danube Waterway Network. Journal of the Serbian Society for Computational Mechanics.Vol. 13,No 1,pp.130-145. ISSN 1820-6530, eISNN 2620-1941.<br \/>\n<a href=\"http:\/\/www.sscm.kg.ac.rs\/jsscm\/\" rel=\"noopener\" target=\"_blank\">http:\/\/www.sscm.kg.ac.rs\/jsscm\/<\/a><\/td>\n<\/tr>\n<tr class=\"row-23\">\n\t<td class=\"column-1\"><strong>RADOVI PREDSTAVLJENI NA ME\u0110UNARODNIM NAU\u010cNIM SKUPOVIMA (M30)<\/strong><\/td>\n<\/tr>\n<tr class=\"row-24\">\n\t<td class=\"column-1\"><strong>RADOVI PREDSTAVLJENI NA ME\u0110UNARODNIM NAU\u010cNIM SKUPOVIMA \u0160TAMPANI KAO CELINA (M33)=1.0<\/strong><\/td>\n<\/tr>\n<tr class=\"row-25\">\n\t<td class=\"column-1\">9. | M33<\/td>\n<\/tr>\n<tr class=\"row-26\">\n\t<td class=\"column-1\">Rajkovi\u0107 S., Ratkini\u0107 M., Markovi\u0107 M., Rajkovi\u0107 R. (2012.):<br \/>\nThe consequences of changes in groundwater levels in costal areas of the Sava river, ICEIRD 2012, Sofia, Bulgaria. In Proceedings of the 5th International Conference for Entrepreneurship Innovation and Regional Development, <br \/>\n678-686. <br \/>\nISBN 978-954-07-3346-3. <br \/>\n<a href=\"http:\/\/iceird2012.fmi.uni-sofia.bg\/\" rel=\"noopener\" target=\"_blank\">http:\/\/iceird2012.fmi.uni-sofia.bg\/<\/a><\/td>\n<\/tr>\n<tr class=\"row-27\">\n\t<td class=\"column-1\">10. | M33<\/td>\n<\/tr>\n<tr class=\"row-28\">\n\t<td class=\"column-1\">Maneski T.; Rajkovi\u0107 R.; Zrili\u0107 M.; \u010cekovi, I.; 2012.<br \/>\n Experimental  investigation of polymer container buckling, ICTTE 2012, Belgrade, Serbia. In Proceedings of the International Conference on Traffic and Transport Engineering, 651-657.      <br \/>\nISBN 978-86-916153-0-7. <br \/>\n<a href=\"http:\/\/www.ijtte.com\" rel=\"noopener\" target=\"_blank\">http:\/\/www.ijtte.com<\/a>.<\/td>\n<\/tr>\n<tr class=\"row-29\">\n\t<td class=\"column-1\">11. | M33<\/td>\n<\/tr>\n<tr class=\"row-30\">\n\t<td class=\"column-1\">Milo\u0161evi\u0107 Milo\u0161, Sedmak Simon, Tati\u0107 Uro\u0161, Rajkovi\u0107 Radoslav, Perovi\u0107 Jasmina, Mitrovi\u0107 Nenad, Sedmak Aleksandar (2013):<br \/>\n\u201eApplication of Digital Image Correlation in Dentistry\u201c, DAS 2013: \u201eSymposium on Advances in Experimental Mechanic\u201c, September 25-28, Primo\u0161ten, Croatia, Procedings, pp 49-50, ISBN 978-953-7539-17-7 , <br \/>\nwww.danubia-adria2013.com<br \/>\n  Published by:<br \/>\nCROATIAN SOCIETY OF MECHANICS<br \/>\nIvana Lu\u010di\u0107a 5, HR-10000 Zagreb, Croatia<br \/>\n<a href=\"http:\/\/csm.hr\" rel=\"noopener\" target=\"_blank\">www.csm.hr<\/a><\/td>\n<\/tr>\n<tr class=\"row-31\">\n\t<td class=\"column-1\">12. | M33<\/td>\n<\/tr>\n<tr class=\"row-32\">\n\t<td class=\"column-1\">Dragovi\u0107 Branislav, Park Nam-Kyu,\u0160kuri\u0107 Maja, Kofijac Davorin, Rajkovi\u0107 Radoslav (2013):<br \/>\n\u201eOperation Research Approach to Port Modelling\u201c, IAME 2013: \u201eInternational Association of Maritime Economists Conference\u201c,July 3-5, Marseille, France, Procedings.<br \/>\nPublished by:\u00a0Euromed Management,\u00a0IFSTTAR,\u00a0the\u00a0University of Genoa, and the\u00a0University of Naples Parthenope<br \/>\n<a href=\"http:\/\/iame2013.org\" rel=\"noopener\" target=\"_blank\">www.iame2013.org<\/a><\/td>\n<\/tr>\n<tr class=\"row-33\">\n\t<td class=\"column-1\">13. | M33<\/td>\n<\/tr>\n<tr class=\"row-34\">\n\t<td class=\"column-1\">Rajkovi\u0107 Sne\u017eana, Markovi\u0107 Miroslava, Rajkovi\u0107 Radoslav, Rakonjac Ljubinko (2013):<br \/>\n \u201eBiofungicide Trichodex WP\u201c, ICAE 2013: \u201eInternational Conference on Agricurtural Engineering\u201c,June27-28, Paris, France, World Academy of Science, Engineering and Technology, Issue 78, june 2013,   pp 3014-3018.pISSN 2010-376X, eISSN 2010-3778. <br \/>\nPublished by: <br \/>\nWorld Academy of Science, Engineering and Technology ,<br \/>\n<a href=\"http:\/\/waset.org\" rel=\"noopener\" target=\"_blank\">www.waset.org<\/a><\/td>\n<\/tr>\n<tr class=\"row-35\">\n\t<td class=\"column-1\">14. | M33<\/td>\n<\/tr>\n<tr class=\"row-36\">\n\t<td class=\"column-1\">Rajkovi\u0107 Sne\u017eana, Markovi\u0107 Miroslava, Lu\u010di\u0107 Aleksandar, Rakonjac Ljubinko, Rajkovi\u0107 Radoslav, Miti\u0107 Dragan (2013):<br \/>\n \u201eVegard \u2013 Botanical Fungicide\u201c, Fourth International Scientific Symposium \u201eAgroSym2013\u201c, Jahorina, Republic of Srpska, Bosnia and Hercegovina, October 3-6, Book of Procedings,     pp 511-516, 10.7251\/AGSY1303511R, ISBN 978-99955-751-3-7 , COBISS.BH-ID 3919640, www.agrosym.unssa.rs.ba<br \/>\nPublished by:<br \/>\n Faculty of Agriculture, University of East Sarajevo, Republic of Srpska, Bosnia and   <br \/>\n Hercegovina, Faculty of Agriculture, University of Belgrade, Serbia, Mediteranean Agronomic  <br \/>\n Institute of Bari (CIHEAM \u2013 IAMB), Italy, <br \/>\nInternational Society of Environment and Rural Development, Japan,<br \/>\nBalkan Environmental Association, B.EN.A, Greece ,<br \/>\nSerbian Academy of Engineering Sciences, Serbia ,<br \/>\nMaize Research Institute \"Zemun Polje\", Serbia,<br \/>\nBiotehnical Faculty, University of Montenegro, Montenegro,<br \/>\nInstitute of Agricultural Economics, Serbia,<br \/>\n Balkan Scientific Association of Agricultural Economics, Serbia,<br \/>\nFaculty of Agriculture, University of Banja Luka, Bosnia and Herzegovina<\/td>\n<\/tr>\n<tr class=\"row-37\">\n\t<td class=\"column-1\">15. | M33<\/td>\n<\/tr>\n<tr class=\"row-38\">\n\t<td class=\"column-1\">Rajkovi\u0107 R., Zrni\u0107 N., Staki\u0107 \u0110. (2014):<br \/>\n \u201eContribution to Optimal Container Flow Routing between Far East and Serbia through selected Adriatic Ports\u201c, Proceedings of the 5th International Conference Transport and Logistics \u201eTIL 2014\u201c, Ni\u0161, Serbia, 05-06. June 2014, pp. 87-91 ISBN 978-86-6055-053-0, COBISS.SR-ID  207265036. <a href=\"https:\/\/ostara.rs\/wp-content\/uploads\/2024\/12\/15.pdf\">PDF<\/a><\/td>\n<\/tr>\n<tr class=\"row-39\">\n\t<td class=\"column-1\">16. | M33<\/td>\n<\/tr>\n<tr class=\"row-40\">\n\t<td class=\"column-1\">Rajkovi\u0107 R., Zrni\u0107 N., Staki\u0107 \u0110. (2014):<br \/>\n\u201eApplication of Mathematical Model for Container Transport Flow of Goods: Trade routes from Far East to Serbia, Proceeding of the International Conference on Industrial Logistics \u201eICIL 2014\u201c, Bol on island Bra\u010d, Croatia, 11-13., pp. 75-82, June 2014, ISBN 978-99938-39-46-0.<br \/>\n<a href=\"http:\/\/icil2014.info\/\" rel=\"noopener\" target=\"_blank\">http:\/\/icil2014.info\/<\/a><\/td>\n<\/tr>\n<tr class=\"row-41\">\n\t<td class=\"column-1\">17. | M33<\/td>\n<\/tr>\n<tr class=\"row-42\">\n\t<td class=\"column-1\">Rajkovi\u0107 R., Zrni\u0107 N., Staki\u0107 \u0110., Mahni\u010d B. (2014):<br \/>\n \u201eThe Costs of Container Transport Flow Between Far East and Serbia Using Different Liner Shipping Services\u201c, Proceeding of the 11th International Conference on Logistics and Sustainable  Transport, Celje, Slovenia, 19-21. June 2014, print ISSN 1854-3332, online ISSN 2232-4968.<br \/>\n<a href=\"http:\/\/iclst.fl.uni-mb.si\/iclst-2014\/programme\/\" rel=\"noopener\" target=\"_blank\">http:\/\/iclst.fl.uni-mb.si\/iclst-2014\/programme\/<\/a><\/td>\n<\/tr>\n<tr class=\"row-43\">\n\t<td class=\"column-1\">18. | M33<\/td>\n<\/tr>\n<tr class=\"row-44\">\n\t<td class=\"column-1\">Rajkovi\u0107 R., Zrni\u0107 N., \u010cokorilo O., Rajkovi\u0107, S., Staki\u0107, \u0110. (2014):<br \/>\n\u201eMulti-Objective Container Transport Optimization on Intermodal Networks Based on Mathematical Model\u201d, Proceeding of the International Conference on Trafic and Transport Engineering, Beograd, Serbia, 27-28., November 2014.<\/td>\n<\/tr>\n<tr class=\"row-45\">\n\t<td class=\"column-1\">19. | M33<\/td>\n<\/tr>\n<tr class=\"row-46\">\n\t<td class=\"column-1\">Rajkovi\u0107 R., Zrni\u0107 N., Dragovi\u0107 B., Petranovi\u0107, M. (2014):<br \/>\n\u201eA bi-objective model in conatainer transport\u201d, Proceedings of 14th International Conference \u201cResearch and development in meschanical industry\u201c RaDMI, Topola, Serbia, 18-21, September 2014., pp. 353-360.<\/td>\n<\/tr>\n<tr class=\"row-47\">\n\t<td class=\"column-1\">20. | M33<\/td>\n<\/tr>\n<tr class=\"row-48\">\n\t<td class=\"column-1\">Rajkovi\u0107 R., Zrni\u0107 N., Dragovi\u0107 B., Petranovi\u0107 M.  (2014):<br \/>\n\u201eMinimising CO2 Emissions in Container Transport Flows\u201d, Proceedings of\u00a014th\u00a0International Conference,\u00a0RaDMI, Bar and Kotor, Montenegro, Vol. III, 17-18, November, 2014, pp. 997-1005.<\/td>\n<\/tr>\n<tr class=\"row-49\">\n\t<td class=\"column-1\">21. | M33<\/td>\n<\/tr>\n<tr class=\"row-50\">\n\t<td class=\"column-1\">Rajkovi\u0107 R., Zrni\u0107. N., Staki\u0107 \u0110.:<br \/>\nDifferent approaches for minimizing transport costs in intermodal networks, 13th International Logistics and Supply Chain Congress-Proceedings, Izmir, Turkey, 22nd-23rd October 2015, pp. 160-167, ISBN 978-605-84194-2-1 (\u041c33)<\/td>\n<\/tr>\n<tr class=\"row-51\">\n\t<td class=\"column-1\">22. | M33<\/td>\n<\/tr>\n<tr class=\"row-52\">\n\t<td class=\"column-1\">Rajkovi\u0107 R., Zrni\u0107 N., Staki\u0107 \u0110., Sedmak A., Kirin S.:<br \/>\nEnvironmental protection in intermodal networks by minimizing CO2 emission, Proceedings of TEAM 2015, 7thInternational Scientific and Expert Conference ofthe International TEAM Society 15\u201316thOctober 2015, Belgrade, Serbia, pp. 274-278, ISBN 978-86-7083-877-2(\u041c33)<\/td>\n<\/tr>\n<tr class=\"row-53\">\n\t<td class=\"column-1\">23. | M33<\/td>\n<\/tr>\n<tr class=\"row-54\">\n\t<td class=\"column-1\">Rajkovi\u0107 R., Zrni\u0107 N., Staki\u0107 \u0110., Sedmak A., Kirin S.:<br \/>\nAn approach to determine optimal number of containers for cargo stacking in function of transportation cost, Proceedings -6thInternational Symposium on Industrial Engineering -SIE 2015, 24th-25thSeptember 2015, Belgrade, Serbia, pp. 300-303, ISBN 978-86-7083-864-2(\u041c33)<\/td>\n<\/tr>\n<tr class=\"row-55\">\n\t<td class=\"column-1\">24. | M33<\/td>\n<\/tr>\n<tr class=\"row-56\">\n\t<td class=\"column-1\">Rajkovi\u0107 R., Zrni\u0107 N., Dragovi\u0107 B., Staki\u0107 \u0110.:<br \/>\nMulti-criteria decision making methods in container transport, XXIInternational conference on material handling constructions and logistics \u2013MHCL \u201815, September 23-25, 2015, Vienna, Austria, pp. 289-294, ISBN 978-86-7083-863-5(\u041c33)<\/td>\n<\/tr>\n<tr class=\"row-57\">\n\t<td class=\"column-1\">25. | M33<\/td>\n<\/tr>\n<tr class=\"row-58\">\n\t<td class=\"column-1\">\u0110or\u0111e Staki\u0107, Radoslav Rajkovi\u0107, Du\u0161an To\u0161i\u0107, Nenad Zrni\u0107:<br \/>\nEvaluation of Pareto Optimal Solutions in Intermodal Networks, 42nd International Symposium onOperations Research -Proceedings, SYM-OP-IS 2015, September 15-18, 2015, Srebrno jezero, Serbia, pp. 319-322, ISBN 978-86-80593-55-5(\u041c33)<\/td>\n<\/tr>\n<tr class=\"row-59\">\n\t<td class=\"column-1\">26. | M33<\/td>\n<\/tr>\n<tr class=\"row-60\">\n\t<td class=\"column-1\">Rajkovi\u0107 R., Zrni\u0107 N., Staki\u0107 \u0110., Boji\u0107 S.:<br \/>\n\u201eAnalysis and algorithms for container loading-routing problem from China main ports to Balkan region concerning Belgrade as new hub\u201c, Proceedings of the XXII International Conference on Material Handling, Constructions and Logistics \u201eMHCL 2017\u201c, Belgrade, Serbia, 04-06. October 2017.<br \/>\n<a href=\"http:\/\/www.mhcl.info\/activities\/submitted-abstracts\/293-analysis-and-algorithms-for-container-loading-routing-problem-from-china-main-ports-to-balkan-region-concerning-belgrade-as-new-hub\" rel=\"noopener\" target=\"_blank\">http:\/\/www.mhcl.info\/activities\/submitted-abstracts\/293-analysis-and-algorithms-for-container-loading-routing-problem-from-china-main-ports-to-balkan-region-concerning-belgrade-as-new-hub<\/a><\/td>\n<\/tr>\n<tr class=\"row-61\">\n\t<td class=\"column-1\">27. | M33<\/td>\n<\/tr>\n<tr class=\"row-62\">\n\t<td class=\"column-1\">Staki\u0107 \u0110., Rajkovi\u0107 R., Zrni\u0107 N., Dragovi\u0107 B., Boji\u0107 S.:<br \/>\n\u201e Impact of carbon dioxide emissions in container transport\u201c, Proceeding of the Second-Part-of-the-Special-Session-E-Maritime-and-Port-Logistics-of-the-International-Conference- MHCL, Bar, Montenegro, November 2017.<br \/>\n<a href=\"http:\/\/www.marina-bar.me\/wp-content\/uploads\/2017\/11\/Program-of-the-Second-Part-of-the-Special-Session-E-Maritime-and-Port-Logistics-of-the-International-Conference-MHCL-2017.pdf\" rel=\"noopener\" target=\"_blank\">http:\/\/www.marina-bar.me\/wp-content\/uploads\/2017\/11\/Program-of-the-Second-Part-of-the-Special-Session-E-Maritime-and-Port-Logistics-of-the-International-Conference-MHCL-2017.pdf<\/a><\/td>\n<\/tr>\n<tr class=\"row-63\">\n\t<td class=\"column-1\">28. | M33<\/td>\n<\/tr>\n<tr class=\"row-64\">\n\t<td class=\"column-1\">Staki\u0107, \u0110., \u017divkovi\u0107, M., Anoki\u0107, A., Rajkovi\u0107, R.:<br \/>\n\u201eSolving the problem of packing packages in the containers with limitation of the mass and the volume by VNS method\u201c, Proceedings of the XLV Simposium on Operational Research SYM-OP-IS 2018. 16-18 Septembar, Zlatibor 2018.<br \/>\n<a href=\"https:\/\/ostara.rs\/wp-content\/uploads\/2024\/12\/Zbornik_radova_SYM-OP-IS_2018.pdf\">PDF<\/a><\/td>\n<\/tr>\n<tr class=\"row-65\">\n\t<td class=\"column-1\"><strong>RADOVI PREDSTAVLJENI NA ME\u0110UNARODNIM NAU\u010cNIM SKUPOVIMA \u0160TAMPANI SA\u017dETAK (M34)=0,5<\/strong><\/td>\n<\/tr>\n<tr class=\"row-66\">\n\t<td class=\"column-1\">29. | M34<\/td>\n<\/tr>\n<tr class=\"row-67\">\n\t<td class=\"column-1\">Rajkovi\u0107 Sne\u017eana, Rakonjac Ljubinko, Lavadinovi\u0107 Vera, Rajkovi\u0107 Radoslav, Miti\u0107 Dragan (2013):<br \/>\n \u201eExaminations of efficacy of Agrosept in vitro\u201d. International Scientific  Conference,  Forest  Research Institute at the Bulgarian Academy of Sciences 85th Anniversary, Bulgaria, Sofia , 1-2 October 2013. Book of abstracts, pp. 81- 82.<br \/>\nPublished by:<br \/>\nBulgarian Academy of Sciences , Forest Research Institute, BAS , International Union of Forest Research Organisations (IUFRO) 5<br \/>\nMinistry of Agriculture and Food <br \/>\nExecutive Forest Agency <br \/>\nUniversity of Forestry <br \/>\nFederation of Scientific and Technical Unions (FSTU) <br \/>\nS. T. Union of Forestry (STUF) <br \/>\nUnion of Scientists in Bulgaria <br \/>\nSection Forest Science <br \/>\nwww.bas.bg\/fce\/001\/...\/FRI85_programme.pdf\u200e<\/td>\n<\/tr>\n<tr class=\"row-68\">\n\t<td class=\"column-1\">30. | M34<\/td>\n<\/tr>\n<tr class=\"row-69\">\n\t<td class=\"column-1\">Rajkovi\u0107 R., Staki\u0107, \u0110. (2014):<br \/>\n\"Application of a mathematical model: multi-criteria optimization in container transport\", Symposium MATHEMATICS AND APPLICATIONS, Faculty of Mathematics, University of Belgrade, Belgrade, Serbia, October 17-18, 2014, Book of Abstracts, Volume 5 (1), pp. 38.<\/td>\n<\/tr>\n<tr class=\"row-70\">\n\t<td class=\"column-1\">31. | M34<\/td>\n<\/tr>\n<tr class=\"row-71\">\n\t<td class=\"column-1\">Rajkovi\u0107 S., Markovi\u0107 M., Rajkovi\u0107 R., Miti\u0107 D, Rakonjac Lj., Lu\u010di\u0107 A. (2014):<br \/>\n \u201eFoliar  Injury of Ozone \u2013 Level II \u2013 Monitoring Plot\u201c, 5th International Agricultural Symposium  \u201cAgrosym 2014\", Jahorina, 23-26 October 2014, Bosnia and Herzegovina, Book of abstracts, pp. 108.<br \/>\n<a href=\"http:\/\/agrosym.rs.ba\" rel=\"noopener\" target=\"_blank\">www.agrosym.rs.ba<\/a><\/td>\n<\/tr>\n<tr class=\"row-72\">\n\t<td class=\"column-1\">32. | M34<\/td>\n<\/tr>\n<tr class=\"row-73\">\n\t<td class=\"column-1\">Rajkovi\u0107 S., Markovi\u0107 M., Rajkovi\u0107 R., Miti\u0107 D, Rakonjac Lj., Lu\u010di\u0107 A. (2014):<br \/>\n \"Application of biofungicides in order to prevent global ecoproblems\", International Scientific Conference: \"Ecological Improvement of devasted Sites for Sustainable development\",  Belgrade, Serbia, 29-30 september 2014, Book of Abstracts, pp 36. Organizer: Faculty of Applied Ecology Futura, Singidunum University Co-organizers: The Union of Ecologists UNESCO, Green Chamber of Serbia, Publisher: Faculty of Applied Ecology Futura, Belgrade<br \/>\n<a href=\"http:\/\/furura.edu.rs\" rel=\"noopener\" target=\"_blank\">www.furura.edu.rs<\/a><\/td>\n<\/tr>\n<tr class=\"row-74\">\n\t<td class=\"column-1\">33. | M34<\/td>\n<\/tr>\n<tr class=\"row-75\">\n\t<td class=\"column-1\">Rajkovi\u0107 S., Markovi\u0107 M., Rajkovi\u0107 R., Miti\u0107 D, Rakonjac Lj., Lu\u010di\u0107 A.  (2014):<br \/>\n \u201cDamage Assesement of Assimilation Organs against Ozone\u201c, III International Symposium and XIX Scientific Conference of Agronomists of Republic of Srpska, Trebinje, Bosnia and Hercegovina, March 25-28, Poster Session VII-12, Book of Abstracts, pp 405. ISBN 978-99938-93-27-1. [Elektronski izvor] \/ elektronski opti\u010dki disk (CD-ROM). Publisher: Faculty of Agriculture, University of Banja Luka Bulevar vojvode Petra Bojovi\u0107a 1a, 78000 Banja Luka, RS-BiH.<\/td>\n<\/tr>\n<tr class=\"row-76\">\n\t<td class=\"column-1\"><strong>RADOVI OBJAVLJENI U \u010cASOPISIMA OD NACIONALNOG ZNA\u010cAJA (M50)<\/strong><\/td>\n<\/tr>\n<tr class=\"row-77\">\n\t<td class=\"column-1\"><strong>RADOVI OBJAVLJENI U \u010cASOPISIMA OD NACIONALNOG ZNA\u010cAJA (M52) =1,5<\/strong><\/td>\n<\/tr>\n<tr class=\"row-78\">\n\t<td class=\"column-1\">34. | M52<\/td>\n<\/tr>\n<tr class=\"row-79\">\n\t<td class=\"column-1\">Miti\u0107 Dragan, Lebel Aleksandar, Rajkovi\u0107 Radoslav (2013):<br \/>\n\u201eERROR PROBABILITIES IN A CHANNEL BASED ON MGF METHOD USING RICIAN FADING FOR MPSK\u201c, Tehnika, Vol. 62, No. 6,  pp 1089-1095.<br \/>\nISSN: 0040-2176<br \/>\nUDC: 621 - 391<br \/>\nPublished by:<br \/>\nUnion of Engineers and Technicians of Serbia<br \/>\n<a href=\"http:\/\/sits.org.rs\/textview.php?file=casopisi.html\" rel=\"noopener\" target=\"_blank\">http:\/\/www.sits.org.rs\/textview.php?file=casopisi.html<\/a><\/td>\n<\/tr>\n<tr class=\"row-80\">\n\t<td class=\"column-1\">35. | M52<\/td>\n<\/tr>\n<tr class=\"row-81\">\n\t<td class=\"column-1\">Markovi\u0107 M., Rajkovi\u0107 S., Rajkovi\u0107 R.  (2012):<br \/>\n\"Analysis of the impact of injuries caused by the influence of mechanical and abiotic factors on the occurrence of harmful fungal organisms\", Sustainable Forestry, Tom 65-66, pp 97-102,  ISSN 1821-1046 , UDK 630.<br \/>\nPublisher: Institute of Forestry, Belgrade, Serbia<br \/>\n<a href=\"http:\/\/forest.org.rs\" rel=\"noopener\" target=\"_blank\">http:\/\/www.forest.org.rs<\/a><\/td>\n<\/tr>\n<tr class=\"row-82\">\n\t<td class=\"column-1\"><strong>ODBRANJENA DOKTORSKA DISERTACIJA (M70) 6.0<\/strong><\/td>\n<\/tr>\n<tr class=\"row-83\">\n\t<td class=\"column-1\">36. | M70<\/td>\n<\/tr>\n<tr class=\"row-84\">\n\t<td class=\"column-1\">Rajkovi\u0107 R.: \"Multi-criteria decision-making in container transport\", 07\/03\/2018, Faculty of Mechanical Engineering, University of Belgrade.<\/td>\n<\/tr>\n<\/tbody>\n<\/table>\n<!-- #tablepress-7 from cache --><\/div>\n\t\t\t\t\t\t<\/div>\n\t\t\t\t<\/div>\n\t\t\t\t<\/div>\n\t\t\t\t<\/div>","protected":false},"excerpt":{"rendered":"","protected":false},"author":1,"featured_media":0,"parent":0,"menu_order":0,"comment_status":"closed","ping_status":"closed","template":"","meta":{"inline_featured_image":false,"footnotes":""},"class_list":["post-13110","page","type-page","status-publish","hentry","is-cat-link-borders-light is-cat-link-rounded"],"_links":{"self":[{"href":"https:\/\/ostara.rs\/rs\/wp-json\/wp\/v2\/pages\/13110","targetHints":{"allow":["GET"]}}],"collection":[{"href":"https:\/\/ostara.rs\/rs\/wp-json\/wp\/v2\/pages"}],"about":[{"href":"https:\/\/ostara.rs\/rs\/wp-json\/wp\/v2\/types\/page"}],"author":[{"embeddable":true,"href":"https:\/\/ostara.rs\/rs\/wp-json\/wp\/v2\/users\/1"}],"replies":[{"embeddable":true,"href":"https:\/\/ostara.rs\/rs\/wp-json\/wp\/v2\/comments?post=13110"}],"version-history":[{"count":14,"href":"https:\/\/ostara.rs\/rs\/wp-json\/wp\/v2\/pages\/13110\/revisions"}],"predecessor-version":[{"id":13309,"href":"https:\/\/ostara.rs\/rs\/wp-json\/wp\/v2\/pages\/13110\/revisions\/13309"}],"wp:attachment":[{"href":"https:\/\/ostara.rs\/rs\/wp-json\/wp\/v2\/media?parent=13110"}],"curies":[{"name":"wp","href":"https:\/\/api.w.org\/{rel}","templated":true}]}}